{"id":13022,"date":"2022-04-05T10:57:46","date_gmt":"2022-04-05T08:57:46","guid":{"rendered":"http:\/\/s594852654.onlinehome.fr\/applications\/"},"modified":"2022-08-30T13:58:01","modified_gmt":"2022-08-30T11:58:01","slug":"applications","status":"publish","type":"page","link":"https:\/\/www.steeleconnect.com\/en\/applications\/","title":{"rendered":"Applications"},"content":{"rendered":"<section class=\"l-section wpb_row us_custom_2eb1a079 height_auto width_full with_img\"><div class=\"l-section-img\" style=\"background-image: url(https:\/\/www.steeleconnect.com\/wp-content\/uploads\/2022\/06\/milling-444493_1920.jpg);background-position: bottom center;background-repeat: no-repeat;\" data-img-width=\"1920\" data-img-height=\"1281\"><\/div><div class=\"l-section-h i-cf\"><div class=\"g-cols vc_row via_flex valign_top type_default\"><div class=\"vc_col-sm-12 wpb_column vc_column_container\"><div class=\"vc_column-inner\"><div class=\"wpb_wrapper\"><\/div><\/div><\/div><\/div><\/div><\/section><section class=\"l-section wpb_row us_custom_852ff585 height_small\"><div class=\"l-section-overlay\" style=\"background:#f5f5f5\"><\/div><div class=\"l-section-h i-cf\"><div class=\"g-cols vc_row via_flex valign_top type_default\"><div class=\"vc_col-sm-12 wpb_column vc_column_container\"><div class=\"vc_column-inner\"><div class=\"wpb_wrapper\"><div class=\"w-text us_custom_45ee1d69\"><span class=\"w-text-h\"><span class=\"w-text-value\">APPLICATIONS<\/span><\/span><\/div><div class=\"w-separator size_medium\"><\/div><div class=\"wpb_text_column us_custom_782f6041\"><div class=\"wpb_wrapper\"><p>Steele Connect provides interconnection systems for different markets such as aeronautics, new energies, medical applications, industry&#8230;<\/p>\n<\/div><\/div><div class=\"w-separator size_small\"><\/div><div class=\"wpb_text_column us_custom_782f6041\"><div class=\"wpb_wrapper\"><p>\nSteele Connect&#8217;s raison d&#8217;\u00eatre is to provide compatible solutions to our customers&#8217; application areas in order to give them a competitive advantage in the development of their innovations.<\/p>\n<\/div><\/div><\/div><\/div><\/div><\/div><\/div><\/section><section class=\"l-section wpb_row us_custom_0d15be52 height_small\"><div class=\"l-section-overlay\" style=\"background:var(--color-chrome-toolbar)\"><\/div><div class=\"l-section-h i-cf\"><div class=\"g-cols vc_row via_flex valign_top type_default\"><div class=\"vc_col-sm-4 wpb_column vc_column_container\"><div class=\"vc_column-inner\"><div class=\"wpb_wrapper\"><div class=\"w-image align_center\"><a href=\"http:\/\/s594852654.onlinehome.fr\/wp-content\/uploads\/2022\/06\/Steele-Connect-Flyer_Aeronautique_02-2022.pdf\" aria-label=\"Link\" class=\"w-image-h\"><img width=\"300\" height=\"169\" src=\"https:\/\/www.steeleconnect.com\/wp-content\/uploads\/2022\/06\/plane-6622260_1920-1-300x169.jpg\" class=\"attachment-medium size-medium\" alt=\"\" loading=\"lazy\" srcset=\"https:\/\/www.steeleconnect.com\/wp-content\/uploads\/2022\/06\/plane-6622260_1920-1-300x169.jpg 300w, https:\/\/www.steeleconnect.com\/wp-content\/uploads\/2022\/06\/plane-6622260_1920-1-1024x576.jpg 1024w, https:\/\/www.steeleconnect.com\/wp-content\/uploads\/2022\/06\/plane-6622260_1920-1-600x337.jpg 600w, https:\/\/www.steeleconnect.com\/wp-content\/uploads\/2022\/06\/plane-6622260_1920-1.jpg 1920w\" sizes=\"(max-width: 300px) 100vw, 300px\" \/><\/a><\/div><div class=\"w-separator size_small\"><\/div><div class=\"w-image us_custom_8f2ba1f4 us_animate_this align_center\"><a target=\"_blank\" href=\"https:\/\/www.steeleconnect.com\/wp-content\/uploads\/2022\/06\/Steele-Connect-Flyer_Aeronautique_02-2022.pdf\" rel=\"noopener\" aria-label=\"Link\" class=\"w-image-h\"><img width=\"150\" height=\"150\" src=\"https:\/\/www.steeleconnect.com\/wp-content\/uploads\/2022\/06\/Capture-decran-502-150x150.png\" class=\"attachment-thumbnail size-thumbnail\" alt=\"\" loading=\"lazy\" \/><\/a><\/div><div class=\"w-text us_custom_ac5e5eff has_text_color\"><span class=\"w-text-h\"><span class=\"w-text-value\"><\/span><\/span><\/div><div class=\"w-text us_custom_fa8f6635 has_text_color\"><span class=\"w-text-h\"><span class=\"w-text-value\">AERONAUTICS &#038; SPATIAL<\/span><\/span><\/div><div class=\"w-separator size_small\"><\/div><div class=\"wpb_text_column us_custom_047677e6\"><div class=\"wpb_wrapper\"><p>Steele Connect offers connectors that can be used in the aerospace market with high modularity and high performance. For example, the PCU range offers a compact solution with quick locking and enhanced electrical safety (IP2X). <\/p>\n<\/div><\/div><div class=\"w-separator size_medium\"><\/div><\/div><\/div><\/div><div class=\"vc_col-sm-4 wpb_column vc_column_container\"><div class=\"vc_column-inner\"><div class=\"wpb_wrapper\"><div class=\"w-image align_center\"><a href=\"http:\/\/s594852654.onlinehome.fr\/wp-content\/uploads\/2022\/06\/SC_Power_Flyer_Defense_en_0122-1.pdf\" aria-label=\"Link\" class=\"w-image-h\"><img width=\"300\" height=\"169\" src=\"https:\/\/www.steeleconnect.com\/wp-content\/uploads\/2022\/06\/us-army-2526753_1920-1-300x169.jpg\" class=\"attachment-medium size-medium\" alt=\"\" loading=\"lazy\" srcset=\"https:\/\/www.steeleconnect.com\/wp-content\/uploads\/2022\/06\/us-army-2526753_1920-1-300x169.jpg 300w, https:\/\/www.steeleconnect.com\/wp-content\/uploads\/2022\/06\/us-army-2526753_1920-1-1024x576.jpg 1024w, https:\/\/www.steeleconnect.com\/wp-content\/uploads\/2022\/06\/us-army-2526753_1920-1-600x337.jpg 600w, https:\/\/www.steeleconnect.com\/wp-content\/uploads\/2022\/06\/us-army-2526753_1920-1.jpg 1919w\" sizes=\"(max-width: 300px) 100vw, 300px\" \/><\/a><\/div><div class=\"w-separator size_small\"><\/div><div class=\"w-image us_custom_8f2ba1f4 us_animate_this align_center\"><a target=\"_blank\" href=\"https:\/\/www.steeleconnect.com\/wp-content\/uploads\/2022\/04\/SC_Power_Flyer_Defense_en_0122.pdf\" rel=\"noopener\" aria-label=\"Link\" class=\"w-image-h\"><img width=\"150\" height=\"150\" src=\"https:\/\/www.steeleconnect.com\/wp-content\/uploads\/2022\/06\/Capture-decran-503-150x150.png\" class=\"attachment-thumbnail size-thumbnail\" alt=\"\" loading=\"lazy\" \/><\/a><\/div><div class=\"w-text us_custom_fa8f6635 has_text_color\"><span class=\"w-text-h\"><span class=\"w-text-value\"><\/span><\/span><\/div><div class=\"w-text us_custom_fa8f6635 has_text_color\"><span class=\"w-text-h\"><span class=\"w-text-value\">DEFENSE<\/span><\/span><\/div><div class=\"w-separator size_small\"><\/div><div class=\"wpb_text_column us_custom_047677e6\"><div class=\"wpb_wrapper\"><p>High power connectors are particularly well suited to the constraints of the military sector. They meet the severe mechanical requirements of military operational conditions.<\/p>\n<\/div><\/div><div class=\"w-separator size_medium\"><\/div><\/div><\/div><\/div><div class=\"vc_col-sm-4 wpb_column vc_column_container\"><div class=\"vc_column-inner\"><div class=\"wpb_wrapper\"><div class=\"w-image align_center\"><a href=\"http:\/\/s594852654.onlinehome.fr\/wp-content\/uploads\/2022\/06\/Steele-Connect-Flyer_Aeronautique_02-2022.pdf\" aria-label=\"Link\" class=\"w-image-h\"><img width=\"300\" height=\"169\" src=\"https:\/\/www.steeleconnect.com\/wp-content\/uploads\/2022\/06\/industry-2663191_1920-300x169.jpg\" class=\"attachment-medium size-medium\" alt=\"\" loading=\"lazy\" srcset=\"https:\/\/www.steeleconnect.com\/wp-content\/uploads\/2022\/06\/industry-2663191_1920-300x169.jpg 300w, https:\/\/www.steeleconnect.com\/wp-content\/uploads\/2022\/06\/industry-2663191_1920-1024x576.jpg 1024w, https:\/\/www.steeleconnect.com\/wp-content\/uploads\/2022\/06\/industry-2663191_1920-600x337.jpg 600w, https:\/\/www.steeleconnect.com\/wp-content\/uploads\/2022\/06\/industry-2663191_1920.jpg 1920w\" sizes=\"(max-width: 300px) 100vw, 300px\" \/><\/a><\/div><div class=\"w-separator size_small\"><\/div><div class=\"w-image us_custom_8f2ba1f4 us_animate_this align_center\"><a target=\"_blank\" href=\"https:\/\/www.steeleconnect.com\/wp-content\/uploads\/2022\/06\/Steele-Connect-Flyer_Nuclear_21-01-2022-Version_1-Copie.pdf\" rel=\"noopener\" aria-label=\"Link\" class=\"w-image-h\"><img width=\"150\" height=\"150\" src=\"https:\/\/www.steeleconnect.com\/wp-content\/uploads\/2022\/06\/Capture-decran-530-150x150.png\" class=\"attachment-thumbnail size-thumbnail\" alt=\"\" loading=\"lazy\" \/><\/a><\/div><div class=\"w-text us_custom_fa8f6635 has_text_color\"><span class=\"w-text-h\"><span class=\"w-text-value\"><\/span><\/span><\/div><div class=\"w-text us_custom_fa8f6635 has_text_color\"><span class=\"w-text-h\"><span class=\"w-text-value\">NUCLEAR<\/span><\/span><\/div><div class=\"w-separator size_small\"><\/div><div class=\"wpb_text_column us_custom_047677e6\"><div class=\"wpb_wrapper\"><p>To meet the needs of nuclear applications, Steele Connect offers standard connectors as well as connectors developed according to the technical specifications of the customers. For this purpose, Ultratech implements a product development according to a project management methodology. The products comply with all applicable standards and regulations. <\/p>\n<\/div><\/div><div class=\"w-separator size_medium\"><\/div><\/div><\/div><\/div><\/div><\/div><\/section><section class=\"l-section wpb_row height_small\"><div class=\"l-section-overlay\" style=\"background:var(--color-chrome-toolbar)\"><\/div><div class=\"l-section-h i-cf\"><div class=\"g-cols vc_row via_flex valign_top type_default\"><div class=\"vc_col-sm-4 wpb_column vc_column_container\"><div class=\"vc_column-inner\"><div class=\"wpb_wrapper\"><div class=\"w-image align_center\"><div class=\"w-image-h\"><img width=\"300\" height=\"169\" src=\"https:\/\/www.steeleconnect.com\/wp-content\/uploads\/2022\/06\/hospital-3089884_1920-300x169.jpg\" class=\"attachment-medium size-medium\" alt=\"\" loading=\"lazy\" srcset=\"https:\/\/www.steeleconnect.com\/wp-content\/uploads\/2022\/06\/hospital-3089884_1920-300x169.jpg 300w, https:\/\/www.steeleconnect.com\/wp-content\/uploads\/2022\/06\/hospital-3089884_1920-1024x576.jpg 1024w, https:\/\/www.steeleconnect.com\/wp-content\/uploads\/2022\/06\/hospital-3089884_1920-600x337.jpg 600w, https:\/\/www.steeleconnect.com\/wp-content\/uploads\/2022\/06\/hospital-3089884_1920.jpg 1920w\" sizes=\"(max-width: 300px) 100vw, 300px\" \/><\/div><\/div><div class=\"w-separator size_small\"><\/div><div class=\"w-image us_custom_8f2ba1f4 us_animate_this align_center\"><a target=\"_blank\" href=\"https:\/\/www.steeleconnect.com\/wp-content\/uploads\/2022\/06\/Steele-Connect-Flyer_Medical_application_28-06-2022V3-Copie.pdf\" rel=\"noopener\" aria-label=\"Link\" class=\"w-image-h\"><img width=\"150\" height=\"150\" src=\"https:\/\/www.steeleconnect.com\/wp-content\/uploads\/2022\/06\/Capture-decran-536-150x150.png\" class=\"attachment-thumbnail size-thumbnail\" alt=\"\" loading=\"lazy\" \/><\/a><\/div><div class=\"w-text us_custom_fa8f6635 has_text_color\"><span class=\"w-text-h\"><span class=\"w-text-value\"><\/span><\/span><\/div><div class=\"w-text us_custom_fa8f6635 has_text_color\"><span class=\"w-text-h\"><span class=\"w-text-value\">MEDICAL<\/span><\/span><\/div><div class=\"w-separator size_small\"><\/div><div class=\"wpb_text_column us_custom_047677e6\"><div class=\"wpb_wrapper\"><p>The medical sector requires interconnecting solutions that allow easy handling for the medical staff but also mechanical robustness for a large number of maneuvers and choices of materials, components or recognized constituents. Our solutions meet the ergonomic requirements for the application of medical equipment.<\/p>\n<\/div><\/div><\/div><\/div><\/div><div class=\"vc_col-sm-4 wpb_column vc_column_container\"><div class=\"vc_column-inner\"><div class=\"wpb_wrapper\"><div class=\"w-image align_center\"><div class=\"w-image-h\"><img width=\"300\" height=\"169\" src=\"https:\/\/www.steeleconnect.com\/wp-content\/uploads\/2022\/06\/drone-2724257_1920-300x169.jpg\" class=\"attachment-medium size-medium\" alt=\"\" loading=\"lazy\" srcset=\"https:\/\/www.steeleconnect.com\/wp-content\/uploads\/2022\/06\/drone-2724257_1920-300x169.jpg 300w, https:\/\/www.steeleconnect.com\/wp-content\/uploads\/2022\/06\/drone-2724257_1920-1024x576.jpg 1024w, https:\/\/www.steeleconnect.com\/wp-content\/uploads\/2022\/06\/drone-2724257_1920-600x337.jpg 600w, https:\/\/www.steeleconnect.com\/wp-content\/uploads\/2022\/06\/drone-2724257_1920.jpg 1565w\" sizes=\"(max-width: 300px) 100vw, 300px\" \/><\/div><\/div><div class=\"w-separator size_small\"><\/div><div class=\"w-image us_custom_8f2ba1f4 us_animate_this align_center\"><a target=\"_blank\" href=\"https:\/\/www.steeleconnect.com\/wp-content\/uploads\/2022\/06\/Steele-Connect-Flyer_UAV_application_21-01-2022V3.pdf\" rel=\"noopener\" aria-label=\"Link\" class=\"w-image-h\"><img width=\"150\" height=\"150\" src=\"https:\/\/www.steeleconnect.com\/wp-content\/uploads\/2022\/06\/Capture-decran-542-150x150.png\" class=\"attachment-thumbnail size-thumbnail\" alt=\"\" loading=\"lazy\" \/><\/a><\/div><div class=\"w-text us_custom_fa8f6635 has_text_color\"><span class=\"w-text-h\"><span class=\"w-text-value\"><\/span><\/span><\/div><div class=\"w-text us_custom_fa8f6635 has_text_color\"><span class=\"w-text-h\"><span class=\"w-text-value\">U.A.V<\/span><\/span><\/div><div class=\"w-separator size_small\"><\/div><div class=\"wpb_text_column us_custom_047677e6\"><div class=\"wpb_wrapper\"><p>Grace aux performances \u00e9lectriques de contacts Ultrawatts sup\u00e9rieures de 20% aux autres technologies de contacts, Steele Connect peut assurer des syst\u00e8mes d\u2019interconnexions plus compactes et plus faciles \u00e0 int\u00e9grer dans les \u00e9quipements d\u2019U.A.V.<\/p>\n<\/div><\/div><\/div><\/div><\/div><div class=\"vc_col-sm-4 wpb_column vc_column_container\"><div class=\"vc_column-inner\"><div class=\"wpb_wrapper\"><div class=\"w-image align_center\"><a href=\"http:\/\/s594852654.onlinehome.fr\/wp-content\/uploads\/2022\/06\/Steele-Connect-Flyer_Battery_Tests_02_22_RI-1.pdf\" aria-label=\"Link\" class=\"w-image-h\"><img width=\"300\" height=\"171\" src=\"https:\/\/www.steeleconnect.com\/wp-content\/uploads\/2022\/07\/robot-2791671_1920-1-300x171.jpg\" class=\"attachment-medium size-medium\" alt=\"\" loading=\"lazy\" srcset=\"https:\/\/www.steeleconnect.com\/wp-content\/uploads\/2022\/07\/robot-2791671_1920-1-300x171.jpg 300w, https:\/\/www.steeleconnect.com\/wp-content\/uploads\/2022\/07\/robot-2791671_1920-1-1024x585.jpg 1024w, https:\/\/www.steeleconnect.com\/wp-content\/uploads\/2022\/07\/robot-2791671_1920-1.jpg 1920w\" sizes=\"(max-width: 300px) 100vw, 300px\" \/><\/a><\/div><div class=\"w-separator size_small\"><\/div><div class=\"w-image us_custom_8f2ba1f4 us_animate_this align_center\"><a target=\"_blank\" href=\"http:\/\/s594852654.onlinehome.fr\/wp-content\/uploads\/2022\/06\/Steele-Connect-Flyer_Battery_Tests_02_22_RI-1.pdf\" rel=\"noopener\" aria-label=\"Link\" class=\"w-image-h\"><img width=\"150\" height=\"150\" src=\"https:\/\/www.steeleconnect.com\/wp-content\/uploads\/2022\/06\/Capture-decran-518-150x150.png\" class=\"attachment-thumbnail size-thumbnail\" alt=\"\" loading=\"lazy\" \/><\/a><\/div><div class=\"w-text us_custom_fa8f6635 has_text_color\"><span class=\"w-text-h\"><span class=\"w-text-value\"><\/span><\/span><\/div><div class=\"w-text us_custom_fa8f6635 has_text_color\"><span class=\"w-text-h\"><span class=\"w-text-value\">INDUSTRY<\/span><\/span><\/div><div class=\"w-separator size_small\"><\/div><div class=\"wpb_text_column us_custom_047677e6\"><div class=\"wpb_wrapper\"><p>The robustness and modularity of Steele Connect interconnect systems makes them easy to use on industrial equipment and test benches. All environmental standards and regulations ROHS\/REACH are applied. We respond to special applications with custom developments and can solve product obsolescence issues.<\/p>\n<\/div><\/div><\/div><\/div><\/div><\/div><\/div><\/section>\n","protected":false},"excerpt":{"rendered":"APPLICATIONSSteele Connect provides interconnection systems for different markets such as aeronautics, new energies, medical applications, industry&#8230; Steele Connect&#8217;s raison d&#8217;\u00eatre is to provide compatible solutions to our customers&#8217; application areas in order to give them a competitive advantage in the development of their innovations. AERONAUTICS &#038; SPATIALSteele Connect offers connectors that can be used in...","protected":false},"author":1,"featured_media":0,"parent":0,"menu_order":0,"comment_status":"closed","ping_status":"closed","template":"","meta":[],"acf":[],"_links":{"self":[{"href":"https:\/\/www.steeleconnect.com\/en\/wp-json\/wp\/v2\/pages\/13022"}],"collection":[{"href":"https:\/\/www.steeleconnect.com\/en\/wp-json\/wp\/v2\/pages"}],"about":[{"href":"https:\/\/www.steeleconnect.com\/en\/wp-json\/wp\/v2\/types\/page"}],"author":[{"embeddable":true,"href":"https:\/\/www.steeleconnect.com\/en\/wp-json\/wp\/v2\/users\/1"}],"replies":[{"embeddable":true,"href":"https:\/\/www.steeleconnect.com\/en\/wp-json\/wp\/v2\/comments?post=13022"}],"version-history":[{"count":20,"href":"https:\/\/www.steeleconnect.com\/en\/wp-json\/wp\/v2\/pages\/13022\/revisions"}],"predecessor-version":[{"id":14177,"href":"https:\/\/www.steeleconnect.com\/en\/wp-json\/wp\/v2\/pages\/13022\/revisions\/14177"}],"wp:attachment":[{"href":"https:\/\/www.steeleconnect.com\/en\/wp-json\/wp\/v2\/media?parent=13022"}],"curies":[{"name":"wp","href":"https:\/\/api.w.org\/{rel}","templated":true}]}}